{"id":2,"date":"2015-09-30T18:10:51","date_gmt":"2015-09-30T16:10:51","guid":{"rendered":"http:\/\/jms-steinach.ch\/jms\/?page_id=2"},"modified":"2025-08-05T06:54:30","modified_gmt":"2025-08-05T04:54:30","slug":"whosit","status":"publish","type":"page","link":"https:\/\/jms-steinach.ch\/jms\/","title":{"rendered":"Who&#8217;s It?"},"content":{"rendered":"<p class=\"bodytext\">Die Jungmannschaft Steinach ist ein Verein f\u00fcr junge Erwachsene aus Steinach. Wir engagieren uns f\u00fcr das Dorfleben, indem wir die Summer Night Party organisieren, sowie Samichlausbesuche und die Papiersammlung durchf\u00fchren.<\/p>\n<p class=\"bodytext\">Um den Zusammenhalt und die Geselligkeit zu pflegen, unternehmen wir\u00a0spannende und actionreiche Ausfl\u00fcge.<\/p>\n","protected":false},"excerpt":{"rendered":"<p>Die Jungmannschaft Steinach ist ein Verein f\u00fcr junge Erwachsene aus Steinach. Wir engagieren uns f\u00fcr das Dorfleben, indem wir die Summer Night Party organisieren, sowie Samichlausbesuche und die Papiersammlung durchf\u00fchren&#8230;. <a class=\"read-more-button\" href=\"https:\/\/jms-steinach.ch\/jms\/\">Mehr Lesen &gt;<\/a><\/p>\n","protected":false},"author":1,"featured_media":0,"parent":0,"menu_order":1,"comment_status":"closed","ping_status":"closed","template":"","meta":{"footnotes":""},"class_list":["post-2","page","type-page","status-publish","hentry"],"_links":{"self":[{"href":"https:\/\/jms-steinach.ch\/jms\/wp-json\/wp\/v2\/pages\/2","targetHints":{"allow":["GET"]}}],"collection":[{"href":"https:\/\/jms-steinach.ch\/jms\/wp-json\/wp\/v2\/pages"}],"about":[{"href":"https:\/\/jms-steinach.ch\/jms\/wp-json\/wp\/v2\/types\/page"}],"author":[{"embeddable":true,"href":"https:\/\/jms-steinach.ch\/jms\/wp-json\/wp\/v2\/users\/1"}],"replies":[{"embeddable":true,"href":"https:\/\/jms-steinach.ch\/jms\/wp-json\/wp\/v2\/comments?post=2"}],"version-history":[{"count":29,"href":"https:\/\/jms-steinach.ch\/jms\/wp-json\/wp\/v2\/pages\/2\/revisions"}],"predecessor-version":[{"id":874,"href":"https:\/\/jms-steinach.ch\/jms\/wp-json\/wp\/v2\/pages\/2\/revisions\/874"}],"wp:attachment":[{"href":"https:\/\/jms-steinach.ch\/jms\/wp-json\/wp\/v2\/media?parent=2"}],"curies":[{"name":"wp","href":"https:\/\/api.w.org\/{rel}","templated":true}]}}